{"id":12554,"date":"2023-03-25T12:05:36","date_gmt":"2023-03-25T12:05:36","guid":{"rendered":"https:\/\/cihangirdentalclinic.com\/?page_id=12554"},"modified":"2023-09-14T14:38:40","modified_gmt":"2023-09-14T14:38:40","slug":"istanbul-dr-dds-phd-isa-hazar-yaldiz","status":"publish","type":"page","link":"https:\/\/drhazaryaldiz.com\/deu\/istanbul-dr-dds-phd-isa-hazar-yaldiz\/","title":{"rendered":"\u00dcber mich"},"content":{"rendered":"<p><section id=\"bt_bb_section6a033366a9929\" class=\"bt_bb_section bt_bb_layout_boxed_1200 bt_bb_vertical_align_top bt_bb_top_spacing_large\"  data-bt-override-class=\"null\"><div class=\"bt_bb_background_image_holder_wrapper\"><div class=\"bt_bb_background_image_holder btLazyLoadBackground\"  data-background_image_src=\"https:\/\/drhazaryaldiz.com\/wp-content\/uploads\/2020\/02\/bgn-doctor.jpg\" data-parallax-zoom-start=\"1\" data-parallax-zoom-end=\"1\" data-parallax-blur-start=\"0\" data-parallax-blur-end=\"0\" data-parallax-opacity-start=\"1\" data-parallax-opacity-end=\"1\" style=\" background-image: url(&#039;https:\/\/drhazaryaldiz.com\/wp-content\/plugins\/bold-page-builder\/img\/blank.gif&#039;);\"><\/div><\/div><div class=\"bt_bb_port\"><div class=\"bt_bb_cell\"><div class=\"bt_bb_cell_inner\"><div class=\"bt_bb_row\"  data-bt-override-class=\"{}\"><div class=\"bt_bb_row_holder\" ><div  class=\"bt_bb_column col-xxl-6 col-xl-6 col-xs-12 col-sm-6 col-md-6 col-lg-6 bt_bb_vertical_align_top bt_bb_align_left bt_bb_padding_normal bt_bb_animation_fade_in move_up animate\" style=\"position: relative;\" data-width=\"6\" data-bt-override-class=\"{}\"><div class=\"bt_bb_column_content\"><div data-bb-version=\"4.6.1\" class=\"bt_bb_image bt_bb_shape_square bt_bb_target_self bt_bb_align_inherit bt_bb_hover_style_simple bt_bb_content_display_always bt_bb_content_align_middle bt_bb_hidden_xs bt_bb_hidden_ms bt_bb_hidden_sm\" style=\"position: absolute; bottom: 0;\" data-bt-override-class=\"{&quot;bt_bb_align_&quot;:{&quot;current_class&quot;:&quot;bt_bb_align_inherit&quot;,&quot;def&quot;:&quot;inherit&quot;}}\"><span><img fetchpriority=\"high\" decoding=\"async\" width=\"526\" height=\"474\" src=\"https:\/\/drhazaryaldiz.com\/wp-content\/uploads\/2023\/09\/hazar_about_me-removebg-preview-21.png\" class=\"attachment-full size-full\" alt=\"https:\/\/drhazaryaldiz.com\/wp-content\/uploads\/2023\/09\/hazar_about_me-removebg-preview-21.png\" data-full_image_src=\"https:\/\/drhazaryaldiz.com\/wp-content\/uploads\/2023\/09\/hazar_about_me-removebg-preview-21.png\" title=\"hazar_about_me-removebg-preview (21)\" loading=\"eager\" srcset=\"https:\/\/drhazaryaldiz.com\/wp-content\/uploads\/2023\/09\/hazar_about_me-removebg-preview-21.png 526w, https:\/\/drhazaryaldiz.com\/wp-content\/uploads\/2023\/09\/hazar_about_me-removebg-preview-21-13x12.png 13w, https:\/\/drhazaryaldiz.com\/wp-content\/uploads\/2023\/09\/hazar_about_me-removebg-preview-21-320x288.png 320w\" sizes=\"(max-width: 526px) 100vw, 526px\" \/><\/span><\/div><\/div><\/div><div data-bb-version=\"4.6.1\"  class=\"bt_bb_column col-xxl-6 col-xl-6 col-xs-12 col-sm-6 col-md-6 col-lg-6 bt_bb_vertical_align_bottom bt_bb_align_left bt_bb_padding_normal bt_bb_animation_fade_in animate\"  data-width=\"6\" data-bt-override-class=\"{&quot;bt_bb_align_&quot;:{&quot;current_class&quot;:&quot;bt_bb_align_left&quot;,&quot;def&quot;:&quot;left&quot;},&quot;bt_bb_padding_&quot;:{&quot;current_class&quot;:&quot;bt_bb_padding_normal&quot;,&quot;def&quot;:&quot;normal&quot;}}\"><div class=\"bt_bb_column_content\"><header class=\"bt_bb_headline bt_bb_font_weight_bold bt_bb_color_scheme_7 bt_bb_dash_none bt_bb_size_large bt_bb_align_inherit bt_bb_dash_type_none\" style=\"; --primary-color:#000000; --secondary-color:#191919;\" data-bt-override-class=\"{&quot;bt_bb_size_&quot;:{&quot;current_class&quot;:&quot;bt_bb_size_large&quot;,&quot;def&quot;:&quot;large&quot;,&quot;xl&quot;:&quot;large&quot;},&quot;bt_bb_align_&quot;:{&quot;current_class&quot;:&quot;bt_bb_align_inherit&quot;,&quot;def&quot;:&quot;inherit&quot;,&quot;xl&quot;:&quot;inherit&quot;}}\"><h2 style=\"font-size:5.625em\" class=\"bt_bb_headline_tag\"><span class=\"bt_bb_headline_content\"><span><small><u>DDS, PhD<\/u><\/small><br \/><br \/>\n\u0130sa Hazar Yald\u0131z<\/span><\/span><\/h2><\/header><div class=\"bt_bb_separator bt_bb_border_style_none bt_bb_top_spacing_extra_small bt_bb_bottom_spacing_small\" data-bt-override-class=\"null\"><\/div><div  class=\"bt_bb_text\" ><\/p>\n<p>Er wurde am 12. Januar 1987 in Mersin geboren.<br \/>\nIm Jahr 2005 schloss er sein Studium an der Yusuf Kalkavan Anatolian High School ab.<br \/>\nIm Jahr 2012 schloss er sein Studium an der Fakult\u00e4t f\u00fcr Zahnmedizin der Marmara-Universit\u00e4t mit Englisch ab. Im Jahr 2012 wurde er an die Fakult\u00e4t der Yeditepe-Universit\u00e4t aufgenommen<br \/>\nDoktorandenprogramm Zahnmedizin, Abteilung f\u00fcr Mund-, Zahn- und Kieferchirurgie.<\/p>\n<p>\n<\/div><div class=\"bt_bb_separator bt_bb_border_style_solid bt_bb_top_spacing_small bt_bb_bottom_spacing_small\" data-bt-override-class=\"null\"><\/div><div class=\"bt_bb_image bt_bb_shape_square bt_bb_target_self bt_bb_align_inherit bt_bb_hover_style_simple bt_bb_content_display_always bt_bb_content_align_middle bt_bb_hidden_md bt_bb_hidden_lg\" data-bt-override-class=\"{&quot;bt_bb_align_&quot;:{&quot;current_class&quot;:&quot;bt_bb_align_inherit&quot;,&quot;def&quot;:&quot;inherit&quot;,&quot;xl&quot;:&quot;inherit&quot;}}\"><span><img decoding=\"async\" width=\"442\" height=\"408\" src=\"https:\/\/drhazaryaldiz.com\/wp-content\/uploads\/2023\/03\/WhatsApp-Image-2023-02-17-at-00.28.32-1280x853-removebg-preview-2.png\" class=\"attachment-full size-full\" alt=\"https:\/\/drhazaryaldiz.com\/wp-content\/uploads\/2023\/03\/WhatsApp-Image-2023-02-17-at-00.28.32-1280x853-removebg-preview-2.png\" data-full_image_src=\"https:\/\/drhazaryaldiz.com\/wp-content\/uploads\/2023\/03\/WhatsApp-Image-2023-02-17-at-00.28.32-1280x853-removebg-preview-2.png\" title=\"WhatsApp-Image-2023-02-17-at-00.28.32-1280x853-removebg-preview\" loading=\"eager\" srcset=\"https:\/\/drhazaryaldiz.com\/wp-content\/uploads\/2023\/03\/WhatsApp-Image-2023-02-17-at-00.28.32-1280x853-removebg-preview-2.png 442w, https:\/\/drhazaryaldiz.com\/wp-content\/uploads\/2023\/03\/WhatsApp-Image-2023-02-17-at-00.28.32-1280x853-removebg-preview-2-320x295.png 320w\" sizes=\"(max-width: 442px) 100vw, 442px\" \/><\/span><\/div><div class=\"bt_bb_separator bt_bb_border_style_none bt_bb_bottom_spacing_large bt_bb_hidden_xs bt_bb_hidden_ms bt_bb_hidden_sm\" data-bt-override-class=\"null\"><\/div><\/div><\/div><\/div><\/div><\/div><!-- cell_inner --><\/div><!-- cell --><\/div><!-- port --><\/section><section id=\"bt_bb_section6a033366aa59d\" class=\"bt_bb_section bt_bb_layout_boxed_1200 bt_bb_vertical_align_top bt_bb_top_spacing_medium bt_bb_bottom_spacing_medium\"  data-bt-override-class=\"null\"><div class=\"bt_bb_port\"><div class=\"bt_bb_cell\"><div class=\"bt_bb_cell_inner\"><div class=\"bt_bb_row  bt_bb_column_gap_25\" style=\"; --column-gap:25px;\" data-bt-override-class=\"{}\"><div class=\"bt_bb_row_holder\" ><div  class=\"bt_bb_column col-xxl-4 col-xl-4 bt_bb_vertical_align_top bt_bb_align_left bt_bb_padding_normal bt_bb_animation_fade_in animate\"  data-width=\"4\" data-bt-override-class=\"{}\"><div class=\"bt_bb_column_content\"><div class=\"bt_bb_row_inner\"   data-bt-override-class=\"{}\"><div class=\"bt_bb_row_inner_holder\"  ><\/div><\/div><div class=\"bt_bb_row_inner\"   data-bt-override-class=\"{}\"><div class=\"bt_bb_row_inner_holder\"  ><div  class=\"bt_bb_column_inner col-xxl-12 col-xl-12 col-xs-12 col-sm-12 col-md-12 col-lg-12 bt_bb_align_left bt_bb_vertical_align_top bt_bb_padding_text_indent\" style=\"box-shadow: 0 0 0 8px #e1e8f0 inset;\" data-width=\"12\" data-bt-override-class=\"{}\"><div class=\"bt_bb_column_inner_content\"><div class=\"bt_bb_separator bt_bb_border_style_none bt_bb_bottom_spacing_normal\" data-bt-override-class=\"null\"><\/div><header class=\"bt_bb_headline bt_bb_color_scheme_3 bt_bb_dash_none bt_bb_size_small bt_bb_align_inherit bt_bb_dash_type_none\" style=\"; --primary-color:#000000; --secondary-color:#191919;\" data-bt-override-class=\"{}\"><h4 class=\"bt_bb_headline_tag\"><span class=\"bt_bb_headline_content\"><span>Nehmen Sie Kontakt mit uns auf<\/span><\/span><\/h4><\/header><div class=\"bt_bb_separator bt_bb_border_style_solid bt_bb_top_spacing_small bt_bb_bottom_spacing_small\" data-bt-override-class=\"null\"><\/div><div class=\"bt_bb_service bt_bb_color_scheme_4 bt_bb_style_outline bt_bb_size_small bt_bb_shape_circle bt_bb_target_self bt_bb_align_inherit\" style=\"; --primary-color:#000000; --secondary-color:#ffffff;\" data-bt-override-class=\"{&quot;bt_bb_size_&quot;:{&quot;current_class&quot;:&quot;bt_bb_size_small&quot;,&quot;def&quot;:&quot;small&quot;,&quot;xl&quot;:&quot;small&quot;},&quot;bt_bb_align_&quot;:{&quot;current_class&quot;:&quot;bt_bb_align_inherit&quot;,&quot;def&quot;:&quot;inherit&quot;,&quot;xl&quot;:&quot;inherit&quot;}}\"><a href=\"tel:+90 555 100 42 32\"  target=\"_self\"  title=\"Rufen Sie uns jederzeit an\"  data-ico-dentistry=\"&#xe92c;\" class=\"bt_bb_icon_holder\"><\/a><div class=\"bt_bb_service_content\"><div class=\"bt_bb_service_content_title\"><a href=\"tel:+90%20555%20100%2042%2032\" target=\"_self\">Rufen Sie uns jederzeit an<\/a><\/div><div class=\"bt_bb_service_content_text\">+90 555 100 42 32<\/div><\/div><\/div><div class=\"bt_bb_separator bt_bb_border_style_solid bt_bb_top_spacing_small bt_bb_bottom_spacing_small\" data-bt-override-class=\"null\"><\/div><div class=\"bt_bb_service bt_bb_color_scheme_8 bt_bb_style_outline bt_bb_size_small bt_bb_shape_circle bt_bb_target_self bt_bb_align_inherit\" style=\"; --primary-color:#000000; --secondary-color:#ffffff;\" data-bt-override-class=\"{&quot;bt_bb_size_&quot;:{&quot;current_class&quot;:&quot;bt_bb_size_small&quot;,&quot;def&quot;:&quot;small&quot;,&quot;xl&quot;:&quot;small&quot;},&quot;bt_bb_align_&quot;:{&quot;current_class&quot;:&quot;bt_bb_align_inherit&quot;,&quot;def&quot;:&quot;inherit&quot;,&quot;xl&quot;:&quot;inherit&quot;}}\"><a href=\"mailto:info@cihangirdentalclinic.com\"  target=\"_self\"  title=\"Schreiben Sie uns eine E-Mail\"  data-ico-icon7stroke=\"&#xe63b;\" class=\"bt_bb_icon_holder\"><\/a><div class=\"bt_bb_service_content\"><div class=\"bt_bb_service_content_title\"><a href=\"mailto:info@cihangirdentalclinic.com\" target=\"_self\">Schreiben Sie uns eine E-Mail<\/a><\/div><div class=\"bt_bb_service_content_text\">info@cihangirdentalclinic.com<br \/><br \/>\n<\/div><\/div><\/div><div class=\"bt_bb_separator bt_bb_border_style_none bt_bb_bottom_spacing_normal\" data-bt-override-class=\"null\"><\/div><div class=\"bt_bb_service bt_bb_color_scheme_8 bt_bb_style_outline bt_bb_size_small bt_bb_shape_circle bt_bb_target_self bt_bb_align_inherit\" style=\"; --primary-color:#000000; --secondary-color:#ffffff;\" data-bt-override-class=\"{&quot;bt_bb_size_&quot;:{&quot;current_class&quot;:&quot;bt_bb_size_small&quot;,&quot;def&quot;:&quot;small&quot;,&quot;xl&quot;:&quot;small&quot;},&quot;bt_bb_align_&quot;:{&quot;current_class&quot;:&quot;bt_bb_align_inherit&quot;,&quot;def&quot;:&quot;inherit&quot;,&quot;xl&quot;:&quot;inherit&quot;}}\"><a href=\"https:\/\/api.whatsapp.com\/send\/?phone=905551004232&amp;text&amp;type=phone_number&amp;app_absent=0\"  target=\"_self\"  title=\"buchen Sie jetzt\"  data-ico-fontawesome5brands=\"&#xf232;\" class=\"bt_bb_icon_holder\"><\/a><div class=\"bt_bb_service_content\"><div class=\"bt_bb_service_content_title\"><a href=\"https:\/\/api.whatsapp.com\/send\/?phone=905551004232&#038;text&#038;type=phone_number&#038;app_absent=0\" target=\"_self\">buchen Sie jetzt<\/a><\/div><div class=\"bt_bb_service_content_text\">+90 555 100 4232<br \/><br \/>\n<\/div><\/div><\/div><div class=\"bt_bb_separator bt_bb_border_style_none bt_bb_bottom_spacing_normal\" data-bt-override-class=\"null\"><\/div><div class=\"bt_bb_column_inner_highlight\"><\/div><\/div><\/div><\/div><\/div><\/div><\/div><div  class=\"bt_bb_column col-xxl-8 col-xl-8 bt_bb_vertical_align_top bt_bb_align_left bt_bb_padding_normal bt_bb_animation_fade_in animate\"  data-width=\"8\" data-bt-override-class=\"{}\"><div class=\"bt_bb_column_content\"><div class=\"bt_bb_separator bt_bb_border_style_none bt_bb_top_spacing_normal bt_bb_hidden_md bt_bb_hidden_lg\" data-bt-override-class=\"null\"><\/div><div class=\"bt_bb_row_inner\"   data-bt-override-class=\"{}\"><div class=\"bt_bb_row_inner_holder\"  ><div  class=\"bt_bb_column_inner col-xxl-12 col-xl-12 bt_bb_align_center bt_bb_vertical_align_top bt_bb_padding_normal\"  data-width=\"12\" data-bt-override-class=\"{}\"><div class=\"bt_bb_column_inner_content\"><div  class=\"bt_bb_text btAccentQuote bt_bb_align_center\" ><\/p>\n<blockquote>\n<p>Ich hatte das Gl\u00fcck, Dr. Hazar Yald\u0131z zu sehen, was wunderbar war. Er ist ein \u00e4u\u00dferst taktvoller Fachmann, beruhigend und gr\u00fcndlich.<\/p>\n<\/blockquote>\n<p>\n<\/div><div class=\"bt_bb_column_inner_highlight\"><\/div><\/div><\/div><\/div><\/div><div class=\"bt_bb_separator bt_bb_border_style_none bt_bb_top_spacing_normal\" data-bt-override-class=\"null\"><\/div><div class=\"bt_bb_row_inner\"   data-bt-override-class=\"{}\"><div class=\"bt_bb_row_inner_holder\"  ><div  class=\"bt_bb_column_inner col-xxl-12 col-xl-12 col-xs-12 col-sm-12 col-md-12 col-lg-12 bt_bb_align_center bt_bb_vertical_align_top bt_bb_padding_normal\"  data-width=\"12\" data-bt-override-class=\"{&quot;bt_bb_align_&quot;:{&quot;current_class&quot;:&quot;bt_bb_align_center&quot;,&quot;def&quot;:&quot;center&quot;,&quot;xl&quot;:&quot;center&quot;},&quot;bt_bb_padding_&quot;:{&quot;current_class&quot;:&quot;bt_bb_padding_normal&quot;,&quot;def&quot;:&quot;normal&quot;,&quot;xl&quot;:&quot;normal&quot;}}\"><div class=\"bt_bb_column_inner_content\"><div  class=\"bt_bb_text\" ><\/p>\n<p>Im Jahr 2015 erhielt er das \u201eZertifikat f\u00fcr herausragende Leistungen\u201c f\u00fcr seine herausragenden Leistungen im Umgang mit Patienten an der Fakult\u00e4t f\u00fcr Zahnmedizin der Universit\u00e4t Yeditepe, Abteilung f\u00fcr Mund-, Zahn- und Kieferchirurgie. Er pr\u00e4sentierte seine Doktorarbeit zum Thema \u201eUntersuchung der Wirkung von Allotransplantaten unterschiedlicher Partikelgr\u00f6\u00dfe auf menschliche Osteoblastenzellkulturen mit Resveratrol-Inkubation\u201c und<br \/>\nreceived the title of \u2018doctor\u2019 in the Department of Oral, Dental and Maxillofacial Surgery. In 2019, he established \u2018Cihangir Dental Clinic\u2019 together with Dr. Halis \u00d6zs\u00fcrmeli. He continues all his clinical work here.<\/p>\n<p>\n<\/div><div class=\"bt_bb_separator bt_bb_border_style_none bt_bb_bottom_spacing_small bt_bb_hidden_md bt_bb_hidden_lg\" data-bt-override-class=\"null\"><\/div><div class=\"bt_bb_column_inner_highlight\"><\/div><\/div><\/div><\/div><\/div><\/div><\/div><\/div><\/div><\/div><!-- cell_inner --><\/div><!-- cell --><\/div><!-- port --><\/section><section id=\"bt_bb_section6a033366ab3d0\" class=\"bt_bb_section bt_bb_layout_boxed_900 bt_bb_vertical_align_top bt_bb_top_spacing_medium bt_bb_bottom_spacing_medium\" style=\"border:solid;\" data-bt-override-class=\"{&quot;bt_bb_top_spacing_&quot;:{&quot;current_class&quot;:&quot;bt_bb_top_spacing_medium&quot;,&quot;def&quot;:&quot;medium&quot;,&quot;xl&quot;:&quot;medium&quot;},&quot;bt_bb_bottom_spacing_&quot;:{&quot;current_class&quot;:&quot;bt_bb_bottom_spacing_medium&quot;,&quot;def&quot;:&quot;medium&quot;,&quot;xl&quot;:&quot;medium&quot;}}\"><div class=\"bt_bb_port\"><div class=\"bt_bb_cell\"><div class=\"bt_bb_cell_inner\"><div class=\"bt_bb_row\"  data-bt-override-class=\"{}\"><div class=\"bt_bb_row_holder\" ><div  class=\"bt_bb_column col-xxl-6 col-xl-6 col-xs-12 col-sm-6 col-md-6 col-lg-6 bt_bb_vertical_align_top bt_bb_align_left bt_bb_padding_normal\"  data-width=\"6\" data-bt-override-class=\"{}\"><div class=\"bt_bb_column_content\"><div  class=\"bt_bb_text\" ><\/p>\n<h2><strong>Brauchst du Hilfe ?<\/strong><\/h2>\n<p>\n<\/div><\/div><\/div><div  class=\"bt_bb_column col-xxl-6 col-xl-6 col-xs-12 col-sm-6 col-md-6 col-lg-6 bt_bb_vertical_align_top bt_bb_align_left bt_bb_padding_normal\"  data-width=\"6\" data-bt-override-class=\"{}\"><div class=\"bt_bb_column_content\"><div class=\"bt_bb_button bt_bb_color_scheme_2 bt_bb_icon_position_left bt_bb_style_outline bt_bb_size_large bt_bb_width_inline bt_bb_shape_inherit bt_bb_target_self bt_bb_align_inherit\" style=\"; --primary-color:#191919; --secondary-color:#ffffff;\" data-bt-override-class=\"{&quot;bt_bb_size_&quot;:{&quot;current_class&quot;:&quot;bt_bb_size_large&quot;,&quot;def&quot;:&quot;large&quot;,&quot;xl&quot;:&quot;large&quot;},&quot;bt_bb_align_&quot;:{&quot;current_class&quot;:&quot;bt_bb_align_inherit&quot;,&quot;def&quot;:&quot;inherit&quot;,&quot;xl&quot;:&quot;inherit&quot;}}\"><a href=\"https:\/\/api.whatsapp.com\/send\/?phone=905551004232&amp;text&amp;type=phone_number&amp;app_absent=0\" target=\"_self\" class=\"bt_bb_link\" title=\"+90 555 100 42 32\"><span class=\"bt_bb_button_text\" >+90 555 100 42 32<\/span><span  data-ico-fontawesome=\"&#xf232;\" class=\"bt_bb_icon_holder\"><\/span><\/a><\/div><\/div><\/div><\/div><\/div><\/div><!-- cell_inner --><\/div><!-- cell --><\/div><!-- port --><\/section><\/p>","protected":false},"excerpt":{"rendered":"<p>Collaboratively administrate turnkey channels whereas virtual e-tailers. Objectively seize scalable metrics whereas proactive e-services. Seamlessly empower fully researched growth strategies and interoperable internal or organic sources.<\/p>","protected":false},"author":1,"featured_media":0,"parent":0,"menu_order":0,"comment_status":"closed","ping_status":"closed","template":"","meta":{"footnotes":""},"class_list":["post-12554","page","type-page","status-publish","hentry"],"_links":{"self":[{"href":"https:\/\/drhazaryaldiz.com\/deu\/wp-json\/wp\/v2\/pages\/12554","targetHints":{"allow":["GET"]}}],"collection":[{"href":"https:\/\/drhazaryaldiz.com\/deu\/wp-json\/wp\/v2\/pages"}],"about":[{"href":"https:\/\/drhazaryaldiz.com\/deu\/wp-json\/wp\/v2\/types\/page"}],"author":[{"embeddable":true,"href":"https:\/\/drhazaryaldiz.com\/deu\/wp-json\/wp\/v2\/users\/1"}],"replies":[{"embeddable":true,"href":"https:\/\/drhazaryaldiz.com\/deu\/wp-json\/wp\/v2\/comments?post=12554"}],"version-history":[{"count":14,"href":"https:\/\/drhazaryaldiz.com\/deu\/wp-json\/wp\/v2\/pages\/12554\/revisions"}],"predecessor-version":[{"id":12860,"href":"https:\/\/drhazaryaldiz.com\/deu\/wp-json\/wp\/v2\/pages\/12554\/revisions\/12860"}],"wp:attachment":[{"href":"https:\/\/drhazaryaldiz.com\/deu\/wp-json\/wp\/v2\/media?parent=12554"}],"curies":[{"name":"wp","href":"https:\/\/api.w.org\/{rel}","templated":true}]}}